{"id":71,"date":"2021-06-16T15:21:40","date_gmt":"2021-06-16T13:21:40","guid":{"rendered":"https:\/\/bambylon.de\/Adler\/?page_id=71"},"modified":"2026-04-21T11:42:01","modified_gmt":"2026-04-21T09:42:01","slug":"conventions","status":"publish","type":"page","link":"https:\/\/hotel-adler-gg.de\/en\/conventions\/","title":{"rendered":"Conventions"},"content":{"rendered":"<div data-elementor-type=\"wp-page\" data-elementor-id=\"71\" class=\"elementor elementor-71\" data-elementor-post-type=\"page\">\n\t\t\t\t\t\t<section class=\"elementor-section elementor-top-section elementor-element elementor-element-5a688e7 elementor-section-boxed elementor-section-height-default elementor-section-height-default\" data-id=\"5a688e7\" data-element_type=\"section\">\n\t\t\t\t\t\t<div class=\"elementor-container elementor-column-gap-default\">\n\t\t\t\t\t<div class=\"elementor-column elementor-col-100 elementor-top-column elementor-element elementor-element-e1783a4\" data-id=\"e1783a4\" data-element_type=\"column\">\n\t\t\t<div class=\"elementor-widget-wrap elementor-element-populated\">\n\t\t\t\t\t\t<div class=\"elementor-element elementor-element-3de395a elementor-arrows-position-inside elementor-pagination-position-outside elementor-widget elementor-widget-image-carousel\" data-id=\"3de395a\" data-element_type=\"widget\" data-settings=\"{&quot;slides_to_show&quot;:&quot;1&quot;,&quot;navigation&quot;:&quot;both&quot;,&quot;autoplay&quot;:&quot;yes&quot;,&quot;pause_on_hover&quot;:&quot;yes&quot;,&quot;pause_on_interaction&quot;:&quot;yes&quot;,&quot;autoplay_speed&quot;:5000,&quot;infinite&quot;:&quot;yes&quot;,&quot;effect&quot;:&quot;slide&quot;,&quot;speed&quot;:500}\" data-widget_type=\"image-carousel.default\">\n\t\t\t\t\t\t\t<div class=\"elementor-image-carousel-wrapper swiper\" role=\"region\" aria-roledescription=\"carousel\" aria-label=\"Conventions\" dir=\"ltr\">\n\t\t\t<div class=\"elementor-image-carousel swiper-wrapper swiper-image-stretch\" aria-live=\"off\">\n\t\t\t\t\t\t\t\t<div class=\"swiper-slide\" role=\"group\" aria-roledescription=\"slide\" aria-label=\"1 of 1\"><figure class=\"swiper-slide-inner\"><img decoding=\"async\" class=\"swiper-slide-image\" src=\"https:\/\/hotel-adler-gg.de\/wp-content\/uploads\/2021\/06\/Hotel_Adler_233.jpg\" alt=\"View of the conference room at Hotel Adler: bright room with windows and a wooden wall. U-shaped seating arrangement with tables set with conference folders and pens, a selection of conference beverages in coolers (juice, cola, water, Schweppes), and glasses. The room features a projection screen, a projector, and a flip chart. A laptop is placed on the speaker\u2019s table. In the background, a facilitator&#039;s kit is set on a table. The tables are covered with white fabric tablecloths.\" \/><\/figure><\/div>\t\t\t<\/div>\n\t\t\t\t\t<\/div>\n\t\t\t\t\t\t<\/div>\n\t\t\t\t\t<\/div>\n\t\t<\/div>\n\t\t\t\t\t<\/div>\n\t\t<\/section>\n\t\t\t\t<section class=\"elementor-section elementor-top-section elementor-element elementor-element-931fe91 elementor-section-boxed elementor-section-height-default elementor-section-height-default\" data-id=\"931fe91\" data-element_type=\"section\">\n\t\t\t\t\t\t<div class=\"elementor-container elementor-column-gap-default\">\n\t\t\t\t\t<div class=\"elementor-column elementor-col-100 elementor-top-column elementor-element elementor-element-6b64ac9\" data-id=\"6b64ac9\" data-element_type=\"column\">\n\t\t\t<div class=\"elementor-widget-wrap elementor-element-populated\">\n\t\t\t\t\t\t<div class=\"elementor-element elementor-element-f1e9835 elementor-widget elementor-widget-heading\" data-id=\"f1e9835\" data-element_type=\"widget\" data-widget_type=\"heading.default\">\n\t\t\t\t\t<h1 class=\"elementor-heading-title elementor-size-default\">Conventions, conferences and events<\/h1>\t\t\t\t<\/div>\n\t\t\t\t<div class=\"elementor-element elementor-element-27820d9 elementor-widget elementor-widget-text-editor\" data-id=\"27820d9\" data-element_type=\"widget\" data-widget_type=\"text-editor.default\">\n\t\t\t\t\t\t\t\t\t<p>Are you looking for ideas, inspiration, and innovation? Successful meetings can be planned! We provide the space for your success to unfold.<\/p>\t\t\t\t\t\t\t\t<\/div>\n\t\t\t\t\t<\/div>\n\t\t<\/div>\n\t\t\t\t\t<\/div>\n\t\t<\/section>\n\t\t\t\t<section class=\"elementor-section elementor-top-section elementor-element elementor-element-cd83485 elementor-section-boxed elementor-section-height-default elementor-section-height-default\" data-id=\"cd83485\" data-element_type=\"section\">\n\t\t\t\t\t\t<div class=\"elementor-container elementor-column-gap-default\">\n\t\t\t\t\t<div class=\"elementor-column elementor-col-50 elementor-top-column elementor-element elementor-element-00b3e1c\" data-id=\"00b3e1c\" data-element_type=\"column\">\n\t\t\t<div class=\"elementor-widget-wrap elementor-element-populated\">\n\t\t\t\t\t\t<div class=\"elementor-element elementor-element-47ec604 elementor-widget elementor-widget-heading\" data-id=\"47ec604\" data-element_type=\"widget\" data-widget_type=\"heading.default\">\n\t\t\t\t\t<h2 class=\"elementor-heading-title elementor-size-default\">Meetings and Conferences<\/h2>\t\t\t\t<\/div>\n\t\t\t\t<div class=\"elementor-element elementor-element-a233713 elementor-widget elementor-widget-text-editor\" data-id=\"a233713\" data-element_type=\"widget\" data-widget_type=\"text-editor.default\">\n\t\t\t\t\t\t\t\t\t<p>Our hotel offers all the benefits you could wish for in a conference hotel. With us, you'll find the peace and quiet you need, a particularly attractive price\/performance ratio, and the best support.<\/p><p>Every meeting or event is unique and has a very specific goal. Often, the location is crucial to success; in many cases, the technical equipment or simply the price is crucial. Most often, however, it's the perfect interplay of many components.<\/p><p>To help you achieve your goals, we'll support you and be your contact person. Tell us what your goals are for your event. We'll advise you based on our experience and ensure your success.<\/p><p>You get everything from a single source, from the initial consultation to the signing of the contract. We'll accompany you competently and reliably until the very last second.<\/p><p>Let us convince you of the exceptional service we offer. Call us or send an email. We'll be happy to answer your questions, create customized offers, and implement your wishes.<\/p><p>There's no such thing as \"can't do\" for us, and there's hardly anything we can't do!<\/p><p>We look forward to seeing you!<\/p><p>The Werum family &amp; your Hotel Adler team<\/p>\t\t\t\t\t\t\t\t<\/div>\n\t\t\t\t\t<\/div>\n\t\t<\/div>\n\t\t\t\t<div class=\"elementor-column elementor-col-50 elementor-top-column elementor-element elementor-element-2b0c363\" data-id=\"2b0c363\" data-element_type=\"column\">\n\t\t\t<div class=\"elementor-widget-wrap elementor-element-populated\">\n\t\t\t\t\t\t<div class=\"elementor-element elementor-element-ebb7c1c elementor-widget elementor-widget-heading\" data-id=\"ebb7c1c\" data-element_type=\"widget\" data-widget_type=\"heading.default\">\n\t\t\t\t\t<h2 class=\"elementor-heading-title elementor-size-default\">Technology Overview<\/h2>\t\t\t\t<\/div>\n\t\t\t\t<div class=\"elementor-element elementor-element-a9c934e elementor-widget elementor-widget-text-editor\" data-id=\"a9c934e\" data-element_type=\"widget\" data-widget_type=\"text-editor.default\">\n\t\t\t\t\t\t\t\t\t<p>Located in the center of Gro\u00df-Gerau, yet in a quiet location, we offer visual meeting, conference, or seminar rooms equipped with the latest media technology to ensure your meeting is a success.<\/p><p>Upon request, we can provide additional technology and services:<\/p><ul><li>Three-meter-wide, height-adjustable screen<\/li><li>Double-sided pinboard<\/li><li>Flip chart with 20-sheet notepad<\/li><li>Overhead projector<\/li><li>Data projector<\/li><li>Lectern<\/li><li>Active speakers for laptops<\/li><li>LED TV with DVD player<\/li><li>Sound system including 1 microphone<\/li><li>Hi-fi system for CD playback<\/li><li>Presentation case<\/li><li>Notepad and pens<\/li><\/ul><p><br \/>Additional services:<\/p><ul><li>Copy and fax service<\/li><li>Personal all-round support<\/li><li>Technicians<\/li><\/ul>\t\t\t\t\t\t\t\t<\/div>\n\t\t\t\t\t<\/div>\n\t\t<\/div>\n\t\t\t\t\t<\/div>\n\t\t<\/section>\n\t\t\t\t<section class=\"elementor-section elementor-top-section elementor-element elementor-element-993a637 elementor-hidden-desktop elementor-hidden-tablet elementor-hidden-mobile elementor-section-boxed elementor-section-height-default elementor-section-height-default\" data-id=\"993a637\" data-element_type=\"section\">\n\t\t\t\t\t\t<div class=\"elementor-container elementor-column-gap-default\">\n\t\t\t\t\t<div class=\"elementor-column elementor-col-50 elementor-top-column elementor-element elementor-element-4f922b5\" data-id=\"4f922b5\" data-element_type=\"column\">\n\t\t\t<div class=\"elementor-widget-wrap elementor-element-populated\">\n\t\t\t\t\t\t<div class=\"elementor-element elementor-element-2c4b3e2 elementor-widget elementor-widget-heading\" data-id=\"2c4b3e2\" data-element_type=\"widget\" data-widget_type=\"heading.default\">\n\t\t\t\t\t<span class=\"elementor-heading-title elementor-size-default\">Download Conference Folder<\/span>\t\t\t\t<\/div>\n\t\t\t\t<div class=\"elementor-element elementor-element-145f56e elementor-widget elementor-widget-text-editor\" data-id=\"145f56e\" data-element_type=\"widget\" data-widget_type=\"text-editor.default\">\n\t\t\t\t\t\t\t\t\t<p>We\u2019re happy to assist you in organizing your conference. To help with planning, we provide a complimentary conference folder for download, allowing you to conveniently plan everything at your own pace.<\/p>\t\t\t\t\t\t\t\t<\/div>\n\t\t\t\t<div class=\"elementor-element elementor-element-6bb9698 elementor-widget elementor-widget-button\" data-id=\"6bb9698\" data-element_type=\"widget\" data-widget_type=\"button.default\">\n\t\t\t\t\t\t\t\t\t\t<a class=\"elementor-button elementor-button-link elementor-size-sm\" href=\"\/wp-content\/uploads\/2025\/06\/tagungsmappe.pdf\">\n\t\t\t\t\t\t<span class=\"elementor-button-content-wrapper\">\n\t\t\t\t\t\t\t\t\t<span class=\"elementor-button-text\">Download<\/span>\n\t\t\t\t\t<\/span>\n\t\t\t\t\t<\/a>\n\t\t\t\t\t\t\t\t<\/div>\n\t\t\t\t\t<\/div>\n\t\t<\/div>\n\t\t\t\t<div class=\"elementor-column elementor-col-50 elementor-top-column elementor-element elementor-element-eaeb160\" data-id=\"eaeb160\" data-element_type=\"column\">\n\t\t\t<div class=\"elementor-widget-wrap elementor-element-populated\">\n\t\t\t\t\t\t<div class=\"elementor-element elementor-element-3f0355e elementor-widget elementor-widget-heading\" data-id=\"3f0355e\" data-element_type=\"widget\" data-widget_type=\"heading.default\">\n\t\t\t\t\t<span class=\"elementor-heading-title elementor-size-default\">Room Layouts for Planning Your Conferences<\/span>\t\t\t\t<\/div>\n\t\t\t\t<div class=\"elementor-element elementor-element-131f618 elementor-widget elementor-widget-text-editor\" data-id=\"131f618\" data-element_type=\"widget\" data-widget_type=\"text-editor.default\">\n\t\t\t\t\t\t\t\t\t<p>The floor plans can be downloaded here so you can start planning right away! Need help? No problem! We're happy to help with any questions and look forward to receiving your booking request.<\/p>\t\t\t\t\t\t\t\t<\/div>\n\t\t\t\t<div class=\"elementor-element elementor-element-159860a elementor-widget elementor-widget-button\" data-id=\"159860a\" data-element_type=\"widget\" data-widget_type=\"button.default\">\n\t\t\t\t\t\t\t\t\t\t<a class=\"elementor-button elementor-button-link elementor-size-sm\" href=\"\/wp-content\/uploads\/2025\/06\/raumplaene.pdf\">\n\t\t\t\t\t\t<span class=\"elementor-button-content-wrapper\">\n\t\t\t\t\t\t\t\t\t<span class=\"elementor-button-text\">Download<\/span>\n\t\t\t\t\t<\/span>\n\t\t\t\t\t<\/a>\n\t\t\t\t\t\t\t\t<\/div>\n\t\t\t\t\t<\/div>\n\t\t<\/div>\n\t\t\t\t\t<\/div>\n\t\t<\/section>\n\t\t\t\t<\/div>","protected":false},"excerpt":{"rendered":"<p>Tagungen, Konferenzen &amp; Events Sie sind auf der Suche nach Ideen, Inspirationen und Innovationen? Tagungserfolge sind planbar! Wir geben Ihrem Erfolg Raum zur Entfaltung. Tagungen und Konferenzen Unser Hotel bietet alle Vorteile, die Sie sich von einem Tagungshotel w\u00fcnschen. Bei uns finden Sie die n\u00f6tige Ruhe, ohne in v\u00f6lliger Abwesenheit zu tagen, ein besonders attraktives [&hellip;]<\/p>","protected":false},"author":1,"featured_media":111,"parent":0,"menu_order":0,"comment_status":"closed","ping_status":"closed","template":"","meta":{"inline_featured_image":false,"footnotes":""},"class_list":["post-71","page","type-page","status-publish","has-post-thumbnail","hentry"],"_links":{"self":[{"href":"https:\/\/hotel-adler-gg.de\/en\/wp-json\/wp\/v2\/pages\/71","targetHints":{"allow":["GET"]}}],"collection":[{"href":"https:\/\/hotel-adler-gg.de\/en\/wp-json\/wp\/v2\/pages"}],"about":[{"href":"https:\/\/hotel-adler-gg.de\/en\/wp-json\/wp\/v2\/types\/page"}],"author":[{"embeddable":true,"href":"https:\/\/hotel-adler-gg.de\/en\/wp-json\/wp\/v2\/users\/1"}],"replies":[{"embeddable":true,"href":"https:\/\/hotel-adler-gg.de\/en\/wp-json\/wp\/v2\/comments?post=71"}],"version-history":[{"count":25,"href":"https:\/\/hotel-adler-gg.de\/en\/wp-json\/wp\/v2\/pages\/71\/revisions"}],"predecessor-version":[{"id":1037,"href":"https:\/\/hotel-adler-gg.de\/en\/wp-json\/wp\/v2\/pages\/71\/revisions\/1037"}],"wp:featuredmedia":[{"embeddable":true,"href":"https:\/\/hotel-adler-gg.de\/en\/wp-json\/wp\/v2\/media\/111"}],"wp:attachment":[{"href":"https:\/\/hotel-adler-gg.de\/en\/wp-json\/wp\/v2\/media?parent=71"}],"curies":[{"name":"wp","href":"https:\/\/api.w.org\/{rel}","templated":true}]}}