{"id":67,"date":"2021-06-16T15:21:15","date_gmt":"2021-06-16T13:21:15","guid":{"rendered":"https:\/\/bambylon.de\/Adler\/?page_id=67"},"modified":"2026-02-10T09:52:17","modified_gmt":"2026-02-10T08:52:17","slug":"celebrations","status":"publish","type":"page","link":"https:\/\/hotel-adler-gg.de\/en\/celebrations\/","title":{"rendered":"Celebrations"},"content":{"rendered":"<div data-elementor-type=\"wp-page\" data-elementor-id=\"67\" class=\"elementor elementor-67\" data-elementor-post-type=\"page\">\n\t\t\t\t\t\t<section class=\"elementor-section elementor-top-section elementor-element elementor-element-c2b62af elementor-section-boxed elementor-section-height-default elementor-section-height-default\" data-id=\"c2b62af\" data-element_type=\"section\">\n\t\t\t\t\t\t<div class=\"elementor-container elementor-column-gap-default\">\n\t\t\t\t\t<div class=\"elementor-column elementor-col-100 elementor-top-column elementor-element elementor-element-04fc1c9\" data-id=\"04fc1c9\" data-element_type=\"column\">\n\t\t\t<div class=\"elementor-widget-wrap elementor-element-populated\">\n\t\t\t\t\t\t<div class=\"elementor-element elementor-element-cd7d5af elementor-arrows-position-inside elementor-widget elementor-widget-image-carousel\" data-id=\"cd7d5af\" data-element_type=\"widget\" data-settings=\"{&quot;slides_to_show&quot;:&quot;1&quot;,&quot;navigation&quot;:&quot;arrows&quot;,&quot;autoplay_speed&quot;:3000,&quot;autoplay&quot;:&quot;yes&quot;,&quot;pause_on_hover&quot;:&quot;yes&quot;,&quot;pause_on_interaction&quot;:&quot;yes&quot;,&quot;infinite&quot;:&quot;yes&quot;,&quot;effect&quot;:&quot;slide&quot;,&quot;speed&quot;:500}\" data-widget_type=\"image-carousel.default\">\n\t\t\t\t\t\t\t<div class=\"elementor-image-carousel-wrapper swiper\" role=\"region\" aria-roledescription=\"carousel\" aria-label=\"Celebrations\" dir=\"ltr\">\n\t\t\t<div class=\"elementor-image-carousel swiper-wrapper swiper-image-stretch\" aria-live=\"off\">\n\t\t\t\t\t\t\t\t<div class=\"swiper-slide\" role=\"group\" aria-roledescription=\"slide\" aria-label=\"1 of 2\"><figure class=\"swiper-slide-inner\"><img decoding=\"async\" class=\"swiper-slide-image\" src=\"https:\/\/hotel-adler-gg.de\/wp-content\/uploads\/2025\/06\/IMG_7920c-e1751383245667.jpg\" alt=\"Festive hall with several round tables seating eight to ten people each. Tablecloths, napkins, and chair covers are made of fabric. Water bottles in bottle coolers, menu cards, and floral arrangements are placed on the tables. The cutlery appears to be of high quality.\" \/><\/figure><\/div><div class=\"swiper-slide\" role=\"group\" aria-roledescription=\"slide\" aria-label=\"2 of 2\"><figure class=\"swiper-slide-inner\"><img decoding=\"async\" class=\"swiper-slide-image\" src=\"https:\/\/hotel-adler-gg.de\/wp-content\/uploads\/2021\/06\/Hotel_Adler_533-e1751383378859.jpg\" alt=\"Dining Room (Altheimstube at Hotel Adler): Set table with a fabric tablecloth and napkins, candles, and tableware. Around the table are dark wooden chairs with beige fabric upholstery. The walls are paneled with light wood.\" \/><\/figure><\/div>\t\t\t<\/div>\n\t\t\t\t\t\t\t\t\t\t\t\t<div class=\"elementor-swiper-button elementor-swiper-button-prev\" role=\"button\" tabindex=\"0\">\n\t\t\t\t\t\t<i aria-hidden=\"true\" class=\"eicon-chevron-left\"><\/i>\t\t\t\t\t<\/div>\n\t\t\t\t\t<div class=\"elementor-swiper-button elementor-swiper-button-next\" role=\"button\" tabindex=\"0\">\n\t\t\t\t\t\t<i aria-hidden=\"true\" class=\"eicon-chevron-right\"><\/i>\t\t\t\t\t<\/div>\n\t\t\t\t\n\t\t\t\t\t\t\t\t\t<\/div>\n\t\t\t\t\t\t<\/div>\n\t\t\t\t\t<\/div>\n\t\t<\/div>\n\t\t\t\t\t<\/div>\n\t\t<\/section>\n\t\t\t\t<section class=\"elementor-section elementor-top-section elementor-element elementor-element-b53c7bf elementor-section-boxed elementor-section-height-default elementor-section-height-default\" data-id=\"b53c7bf\" data-element_type=\"section\">\n\t\t\t\t\t\t<div class=\"elementor-container elementor-column-gap-default\">\n\t\t\t\t\t<div class=\"elementor-column elementor-col-100 elementor-top-column elementor-element elementor-element-25b4596\" data-id=\"25b4596\" data-element_type=\"column\">\n\t\t\t<div class=\"elementor-widget-wrap elementor-element-populated\">\n\t\t\t\t\t\t<div class=\"elementor-element elementor-element-6ef1f54 elementor-widget elementor-widget-heading\" data-id=\"6ef1f54\" data-element_type=\"widget\" data-widget_type=\"heading.default\">\n\t\t\t\t\t<h1 class=\"elementor-heading-title elementor-size-default\">Feiern, Events &amp; Veranstaltungen<\/h1>\t\t\t\t<\/div>\n\t\t\t\t<div class=\"elementor-element elementor-element-2cde3a4 elementor-widget elementor-widget-text-editor\" data-id=\"2cde3a4\" data-element_type=\"widget\" data-widget_type=\"text-editor.default\">\n\t\t\t\t\t\t\t\t\t<p>Celebrations should be a wonderful experience, everything should run smoothly, and guests should be happy. This requires good organization, and we would be happy to assist you to ensure that no wishes are left unfulfilled. Call or email us, we would be happy to arrange an appointment for your individual consultation.<\/p>\t\t\t\t\t\t\t\t<\/div>\n\t\t\t\t\t<\/div>\n\t\t<\/div>\n\t\t\t\t\t<\/div>\n\t\t<\/section>\n\t\t\t\t<section class=\"elementor-section elementor-top-section elementor-element elementor-element-563de09 elementor-section-boxed elementor-section-height-default elementor-section-height-default\" data-id=\"563de09\" data-element_type=\"section\">\n\t\t\t\t\t\t<div class=\"elementor-container elementor-column-gap-default\">\n\t\t\t\t\t<div class=\"elementor-column elementor-col-50 elementor-top-column elementor-element elementor-element-531781a\" data-id=\"531781a\" data-element_type=\"column\">\n\t\t\t<div class=\"elementor-widget-wrap elementor-element-populated\">\n\t\t\t\t\t\t<div class=\"elementor-element elementor-element-bfe10e4 elementor-widget elementor-widget-heading\" data-id=\"bfe10e4\" data-element_type=\"widget\" data-widget_type=\"heading.default\">\n\t\t\t\t\t<h2 class=\"elementor-heading-title elementor-size-default\">We'll decorate it for your celebration!<\/h2>\t\t\t\t<\/div>\n\t\t\t\t<div class=\"elementor-element elementor-element-d59067d elementor-widget elementor-widget-text-editor\" data-id=\"d59067d\" data-element_type=\"widget\" data-widget_type=\"text-editor.default\">\n\t\t\t\t\t\t\t\t\t<p>Are you planning a celebration in an elegant setting with your family, business, or friends? We're happy to accommodate your wishes.<\/p><p>In the center of Gro\u00df-Gerau, yet quietly located, we offer the following for your celebration:<\/p><ul><li>65 bright and welcoming, modern rooms with Wi-Fi<\/li><li>\u00c1 la carte restaurant with seasonal regional specialties<\/li><li>Air-conditioned banquet area for up to 220 people<\/li><li>Professional catering service that adds a personal touch to your celebration<\/li><li>Air-conditioned meeting and conference area with natural light for up to 250 people<\/li><li>Restaurant side rooms for groups of up to 30 people<\/li><li>On-site parking deck and underground garage<\/li><li>Swimming pool and sauna area<\/li><\/ul>\t\t\t\t\t\t\t\t<\/div>\n\t\t\t\t\t<\/div>\n\t\t<\/div>\n\t\t\t\t<div class=\"elementor-column elementor-col-50 elementor-top-column elementor-element elementor-element-4ad05d6\" data-id=\"4ad05d6\" data-element_type=\"column\">\n\t\t\t<div class=\"elementor-widget-wrap elementor-element-populated\">\n\t\t\t\t\t\t<div class=\"elementor-element elementor-element-ebf76cd elementor-widget elementor-widget-heading\" data-id=\"ebf76cd\" data-element_type=\"widget\" data-widget_type=\"heading.default\">\n\t\t\t\t\t<h2 class=\"elementor-heading-title elementor-size-default\">Function Rooms<\/h2>\t\t\t\t<\/div>\n\t\t\t\t<div class=\"elementor-element elementor-element-04fe616 elementor-widget elementor-widget-text-editor\" data-id=\"04fe616\" data-element_type=\"widget\" data-widget_type=\"text-editor.default\">\n\t\t\t\t\t\t\t\t\t<p>Our five function rooms can be used individually and flexibly. We would be happy to work with you to create a customized concept for your event. If you need more space, we can combine the rooms into one large conference room or event space.<\/p>\t\t\t\t\t\t\t\t<\/div>\n\t\t\t\t\t<\/div>\n\t\t<\/div>\n\t\t\t\t\t<\/div>\n\t\t<\/section>\n\t\t\t\t<section class=\"elementor-section elementor-top-section elementor-element elementor-element-95bbf22 elementor-section-boxed elementor-section-height-default elementor-section-height-default\" data-id=\"95bbf22\" data-element_type=\"section\">\n\t\t\t\t\t\t<div class=\"elementor-container elementor-column-gap-default\">\n\t\t\t\t\t<div class=\"elementor-column elementor-col-100 elementor-top-column elementor-element elementor-element-22253ec\" data-id=\"22253ec\" data-element_type=\"column\">\n\t\t\t<div class=\"elementor-widget-wrap elementor-element-populated\">\n\t\t\t\t\t\t<div class=\"elementor-element elementor-element-77da7cc elementor-widget elementor-widget-heading\" data-id=\"77da7cc\" data-element_type=\"widget\" data-widget_type=\"heading.default\">\n\t\t\t\t\t<h2 class=\"elementor-heading-title elementor-size-default\">Organisations-Checkliste und Raumpl\u00e4ne<\/h2>\t\t\t\t<\/div>\n\t\t\t\t\t<\/div>\n\t\t<\/div>\n\t\t\t\t\t<\/div>\n\t\t<\/section>\n\t\t\t\t<section class=\"elementor-section elementor-top-section elementor-element elementor-element-162bf4a elementor-section-boxed elementor-section-height-default elementor-section-height-default\" data-id=\"162bf4a\" data-element_type=\"section\">\n\t\t\t\t\t\t<div class=\"elementor-container elementor-column-gap-default\">\n\t\t\t\t\t<div class=\"elementor-column elementor-col-25 elementor-top-column elementor-element elementor-element-844805a\" data-id=\"844805a\" data-element_type=\"column\">\n\t\t\t<div class=\"elementor-widget-wrap elementor-element-populated\">\n\t\t\t\t\t\t<div class=\"elementor-element elementor-element-bbd7f09 elementor-widget elementor-widget-heading\" data-id=\"bbd7f09\" data-element_type=\"widget\" data-widget_type=\"heading.default\">\n\t\t\t\t\t<span class=\"elementor-heading-title elementor-size-default\">Buffet suggestions<\/span>\t\t\t\t<\/div>\n\t\t\t\t<div class=\"elementor-element elementor-element-e642f92 elementor-widget elementor-widget-text-editor\" data-id=\"e642f92\" data-element_type=\"widget\" data-widget_type=\"text-editor.default\">\n\t\t\t\t\t\t\t\t\t<p>We'd be happy to help you organize your celebration or event. To help you plan your event, we've provided our buffet suggestions for download, so you can easily plan everything in peace.<\/p>\t\t\t\t\t\t\t\t<\/div>\n\t\t\t\t<div class=\"elementor-element elementor-element-a2d54eb elementor-widget elementor-widget-button\" data-id=\"a2d54eb\" data-element_type=\"widget\" data-widget_type=\"button.default\">\n\t\t\t\t\t\t\t\t\t\t<a class=\"elementor-button elementor-button-link elementor-size-sm\" href=\"https:\/\/hotel-adler-gg.de\/wp-content\/uploads\/2026\/02\/Buffetvorschlaege-2026.pdf\">\n\t\t\t\t\t\t<span class=\"elementor-button-content-wrapper\">\n\t\t\t\t\t\t\t\t\t<span class=\"elementor-button-text\">Download<\/span>\n\t\t\t\t\t<\/span>\n\t\t\t\t\t<\/a>\n\t\t\t\t\t\t\t\t<\/div>\n\t\t\t\t\t<\/div>\n\t\t<\/div>\n\t\t\t\t<div class=\"elementor-column elementor-col-25 elementor-top-column elementor-element elementor-element-1bc2bf3\" data-id=\"1bc2bf3\" data-element_type=\"column\">\n\t\t\t<div class=\"elementor-widget-wrap elementor-element-populated\">\n\t\t\t\t\t\t<div class=\"elementor-element elementor-element-72f9029 elementor-widget elementor-widget-heading\" data-id=\"72f9029\" data-element_type=\"widget\" data-widget_type=\"heading.default\">\n\t\t\t\t\t<span class=\"elementor-heading-title elementor-size-default\">Getr\u00e4nkepauschalen<\/span>\t\t\t\t<\/div>\n\t\t\t\t<div class=\"elementor-element elementor-element-a8c7218 elementor-widget elementor-widget-text-editor\" data-id=\"a8c7218\" data-element_type=\"widget\" data-widget_type=\"text-editor.default\">\n\t\t\t\t\t\t\t\t\t<p>Gerne helfen wir Ihnen beim Organisieren Ihrer Feier. Als Planungshilfe stellen wir Ihnen unsere Getr\u00e4nkepauschalen als Download zur Verf\u00fcgung, sodass Sie ganz bequem alles in Ruhe planen k\u00f6nnen.<\/p>\t\t\t\t\t\t\t\t<\/div>\n\t\t\t\t<div class=\"elementor-element elementor-element-a6a5622 elementor-widget elementor-widget-button\" data-id=\"a6a5622\" data-element_type=\"widget\" data-widget_type=\"button.default\">\n\t\t\t\t\t\t\t\t\t\t<a class=\"elementor-button elementor-button-link elementor-size-sm\" href=\"\/wp-content\/uploads\/2025\/06\/getraenkepauschalen.pdf\">\n\t\t\t\t\t\t<span class=\"elementor-button-content-wrapper\">\n\t\t\t\t\t\t\t\t\t<span class=\"elementor-button-text\">Download<\/span>\n\t\t\t\t\t<\/span>\n\t\t\t\t\t<\/a>\n\t\t\t\t\t\t\t\t<\/div>\n\t\t\t\t\t<\/div>\n\t\t<\/div>\n\t\t\t\t<div class=\"elementor-column elementor-col-25 elementor-top-column elementor-element elementor-element-a429444\" data-id=\"a429444\" data-element_type=\"column\">\n\t\t\t<div class=\"elementor-widget-wrap elementor-element-populated\">\n\t\t\t\t\t\t<div class=\"elementor-element elementor-element-b13294e elementor-widget elementor-widget-heading\" data-id=\"b13294e\" data-element_type=\"widget\" data-widget_type=\"heading.default\">\n\t\t\t\t\t<span class=\"elementor-heading-title elementor-size-default\">Floor plans for planning<\/span>\t\t\t\t<\/div>\n\t\t\t\t<div class=\"elementor-element elementor-element-f9cbb6a elementor-widget elementor-widget-text-editor\" data-id=\"f9cbb6a\" data-element_type=\"widget\" data-widget_type=\"text-editor.default\">\n\t\t\t\t\t\t\t\t\t<p>The floor plans can be downloaded here so you can start planning right away! Need help? No problem! We're happy to help with any questions and look forward to receiving your booking request.<\/p>\t\t\t\t\t\t\t\t<\/div>\n\t\t\t\t<div class=\"elementor-element elementor-element-cc6e935 elementor-widget elementor-widget-button\" data-id=\"cc6e935\" data-element_type=\"widget\" data-widget_type=\"button.default\">\n\t\t\t\t\t\t\t\t\t\t<a class=\"elementor-button elementor-button-link elementor-size-sm\" href=\"\/wp-content\/uploads\/2025\/06\/raumplaene.pdf\">\n\t\t\t\t\t\t<span class=\"elementor-button-content-wrapper\">\n\t\t\t\t\t\t\t\t\t<span class=\"elementor-button-text\">Download<\/span>\n\t\t\t\t\t<\/span>\n\t\t\t\t\t<\/a>\n\t\t\t\t\t\t\t\t<\/div>\n\t\t\t\t\t<\/div>\n\t\t<\/div>\n\t\t\t\t<div class=\"elementor-column elementor-col-25 elementor-top-column elementor-element elementor-element-66f0b17\" data-id=\"66f0b17\" data-element_type=\"column\">\n\t\t\t<div class=\"elementor-widget-wrap elementor-element-populated\">\n\t\t\t\t\t\t<div class=\"elementor-element elementor-element-f56d1aa elementor-widget elementor-widget-heading\" data-id=\"f56d1aa\" data-element_type=\"widget\" data-widget_type=\"heading.default\">\n\t\t\t\t\t<span class=\"elementor-heading-title elementor-size-default\">Menu suggestions<\/span>\t\t\t\t<\/div>\n\t\t\t\t<div class=\"elementor-element elementor-element-242eea8 elementor-widget elementor-widget-text-editor\" data-id=\"242eea8\" data-element_type=\"widget\" data-widget_type=\"text-editor.default\">\n\t\t\t\t\t\t\t\t\t<p>The menu suggestions can be downloaded here so you can start planning right away! Need help? No problem! We're happy to help with any questions and look forward to receiving your booking request.<\/p>\t\t\t\t\t\t\t\t<\/div>\n\t\t\t\t<div class=\"elementor-element elementor-element-fa5137b elementor-widget elementor-widget-button\" data-id=\"fa5137b\" data-element_type=\"widget\" data-widget_type=\"button.default\">\n\t\t\t\t\t\t\t\t\t\t<a class=\"elementor-button elementor-button-link elementor-size-sm\" href=\"https:\/\/hotel-adler-gg.de\/wp-content\/uploads\/2026\/02\/Menuevorschlaege-2026.pdf\">\n\t\t\t\t\t\t<span class=\"elementor-button-content-wrapper\">\n\t\t\t\t\t\t\t\t\t<span class=\"elementor-button-text\">Download<\/span>\n\t\t\t\t\t<\/span>\n\t\t\t\t\t<\/a>\n\t\t\t\t\t\t\t\t<\/div>\n\t\t\t\t\t<\/div>\n\t\t<\/div>\n\t\t\t\t\t<\/div>\n\t\t<\/section>\n\t\t\t\t<\/div>","protected":false},"excerpt":{"rendered":"<p>Feiern, Events &amp; Veranstaltungen Feierlichkeiten sollten ein tolles Erlebnis werden, alles gut gelingen und die G\u00e4ste zufrieden sein. Dies setzt eine gute Organisation voraus, gerne sind wir Ihnen behilflich, damit keine W\u00fcnsche offen bleiben. Rufen Sie an oder schreiben Sie uns eine E-Mail. F\u00fcr Ihre individuelle Beratung vereinbaren wir gerne einen Termin mit Ihnen. Wir [&hellip;]<\/p>","protected":false},"author":1,"featured_media":107,"parent":0,"menu_order":0,"comment_status":"closed","ping_status":"closed","template":"","meta":{"inline_featured_image":false,"footnotes":""},"class_list":["post-67","page","type-page","status-publish","has-post-thumbnail","hentry"],"_links":{"self":[{"href":"https:\/\/hotel-adler-gg.de\/en\/wp-json\/wp\/v2\/pages\/67","targetHints":{"allow":["GET"]}}],"collection":[{"href":"https:\/\/hotel-adler-gg.de\/en\/wp-json\/wp\/v2\/pages"}],"about":[{"href":"https:\/\/hotel-adler-gg.de\/en\/wp-json\/wp\/v2\/types\/page"}],"author":[{"embeddable":true,"href":"https:\/\/hotel-adler-gg.de\/en\/wp-json\/wp\/v2\/users\/1"}],"replies":[{"embeddable":true,"href":"https:\/\/hotel-adler-gg.de\/en\/wp-json\/wp\/v2\/comments?post=67"}],"version-history":[{"count":49,"href":"https:\/\/hotel-adler-gg.de\/en\/wp-json\/wp\/v2\/pages\/67\/revisions"}],"predecessor-version":[{"id":1003,"href":"https:\/\/hotel-adler-gg.de\/en\/wp-json\/wp\/v2\/pages\/67\/revisions\/1003"}],"wp:featuredmedia":[{"embeddable":true,"href":"https:\/\/hotel-adler-gg.de\/en\/wp-json\/wp\/v2\/media\/107"}],"wp:attachment":[{"href":"https:\/\/hotel-adler-gg.de\/en\/wp-json\/wp\/v2\/media?parent=67"}],"curies":[{"name":"wp","href":"https:\/\/api.w.org\/{rel}","templated":true}]}}